{"id":28,"date":"2016-08-09T07:33:50","date_gmt":"2016-08-09T07:33:50","guid":{"rendered":"https:\/\/themify.me\/demo\/themes\/ultra-restaurant\/?page_id=5628"},"modified":"2024-03-20T15:05:41","modified_gmt":"2024-03-20T15:05:41","slug":"bestil-online","status":"publish","type":"page","link":"https:\/\/bellaitaliana1720.dk\/","title":{"rendered":"Home"},"content":{"rendered":"<!--themify_builder_content-->\n<div id=\"themify_builder_content-28\" data-postid=\"28\" class=\"themify_builder_content themify_builder_content-28 themify_builder tf_clear\">\n    \t<!-- module_row -->\n\t<div  data-anchor=\"Velkommen\" data-lazy=\"1\" class=\"module_row themify_builder_row builder-parallax-scrolling tb_has_section tb_section-Velkommen tb_bcvr970 tb_first clearfix\" >\n\t    <div class=\"tf_abs builder_row_cover\"><\/div>\t\t<div class=\"row_inner col_align_top tf_box tf_w tf_rel\">\n\t\t\t<div  data-lazy=\"1\" class=\"module_column tb-column col-full first tb_g28a973 tf_box\">\n\t    \t    \t        <div class=\"tb-column-inner tf_box tf_w\">\n\t\t    <!-- module fancy heading -->\n<div  class=\"module module-fancy-heading tb_9krl974  wow\" data-tf-animation=\"fadeInDown\" data-lazy=\"1\">\n        <h1 class=\"fancy-heading tf_textc\">\n    <span  class=\"main-head tf_block\">\n\t<span class=\"maketable\">\n\t\t\t\t\t\t\t<span class=\"addBorder\"><\/span>\n\t\t\t\t\t\t\t<span class=\"fork-icon\"><\/span>\n\t\t\t\t\t\t\t<span class=\"addBorder\"><\/span>\n\t\t\t\t\t\t\t<\/span>\n\t\t\t\t\t\t\tBella Gastronomia Italiana\n\t\t\t\t\t\t\t<span class=\"bottomBorder\"><\/span>    <\/span>\n    <span class=\"sub-head tb_hide_divider  tf_block tf_rel\">\n\tVelkommen     <\/span>\n\n    <\/h1>\n<\/div>\n<!-- \/module fancy heading -->\n<!-- module text -->\n<div  class=\"module module-text tb_426y367    hover-wow wow\" data-tf-animation_hover=\"fadeInDown\" data-tf-animation=\"fadeInDown\" data-lazy=\"1\">\n            <div  class=\"tb_text_wrap\">\n    <h2>1720 K\u00f8benhavn V<\/h2>    <\/div>\n<\/div>\n<!-- \/module text --><!-- module text -->\n<div  class=\"module module-text tb_x2ti974    wow\" data-tf-animation=\"fadeInDown\" data-lazy=\"1\">\n            <div  class=\"tb_text_wrap\">\n    <p>Bestil Online for Take-Away el. Udbringning\u00a0<\/p>    <\/div>\n<\/div>\n<!-- \/module text --><!-- module text -->\n<div  class=\"module module-text tb_pgxk763   \" data-lazy=\"1\">\n            <div  class=\"tb_text_wrap\">\n    <p>Brug koden &#8220;Bellaitaliana&#8221; og f\u00e5 10% i rabat. Koden skal indtastes ved kurven.<\/p>    <\/div>\n<\/div>\n<!-- \/module text -->\t<div  data-lazy=\"1\" class=\"module_subrow themify_builder_sub_row tb_i9g5675 tf_w clearfix\">\n\t    \t\t<div class=\"subrow_inner col_align_top tf_box tf_w\">\n\t\t\t<div  data-lazy=\"1\" class=\"sub_column module_column tf_box col-full first tb_kgvz675\"> \n\t    \t    \t        <div class=\"tb-column-inner tf_box tf_w\">\n\t\t    <!-- module text -->\n<div  class=\"module module-text tb_fu12767   \" data-lazy=\"1\">\n            <div  class=\"tb_text_wrap\">\n        <\/div>\n<\/div>\n<!-- \/module text -->\t        <\/div>\n\t    \t<\/div>\n\t\t    <\/div>\n\t<\/div><!-- \/themify_builder_sub_row -->\n\t<!-- module text -->\n<div  class=\"module module-text tb_69nq841    wow\" data-tf-animation=\"fadeInUp\" data-lazy=\"1\">\n            <div  class=\"tb_text_wrap\">\n    <span class=\"glf-button-default glf-button \" style='background-color:#EF8B17; color:#FFFFFF !important; font-weight:bold; font-size:12px; padding:10px; border-radius:25px; font-family:\"Arial\", sans-serif; '  data-glf-cuid=\"\" data-glf-ruid=\"28cdc483-01af-4f61-9451-ca2600f179e4\"  data-location=\"28cdc483-01af-4f61-9451-ca2600f179e4\">KLIK FOR AFHENTNING<\/span><script src=\"https:\/\/www.fbgcdn.com\/embedder\/js\/ewm2.js\" defer async ><\/script><style> .glf-ordering-location > span{display:none;} <\/style>    <\/div>\n<\/div>\n<!-- \/module text --><!-- module buttons -->\n<div  class=\"module module-buttons tb_5vcm975 buttons-horizontal solid  small circle tf_textc wow\" data-tf-animation=\"fadeInUp\" data-lazy=\"1\">\n            \t<div class=\"module-buttons-item tf_inline_b\">\n\t    \t\t    <a href=\"https:\/\/wolt.com\/da\/dnk\/copenhagen\/restaurant\/bella-gastronomia-italiana\" class=\"ui builder_button blue\" target=\"_blank\" rel=\"noopener\">\n\t\t\t\t        \t\t<span class=\"tf_inline_b tf_vmiddle\">Klik for Levering<\/span>\n\t\t    \t\t\t<i class=\"tf_inline_b tf_vmiddle\"><svg class=\"tf_fa tf-ti-car\"><use href=\"#tf-ti-car\"><\/use><\/svg><\/i>\t\t    \t\t    \t\t    <\/a>\n\t\t        \t<\/div>\n\t    <\/div>\n<!-- \/module buttons -->\n\t        <\/div>\n\t    \t<\/div>\n\t\t    <\/div>\n\t    <!-- \/row_inner -->\n\t<\/div>\n\t<!-- \/module_row -->\n\t\t<!-- module_row -->\n\t<div  data-lazy=\"1\" class=\"module_row themify_builder_row tb_r5l6970 clearfix\" >\n\t    \t\t<div class=\"row_inner col_align_top tf_box tf_w tf_rel\">\n\t\t\t<div  data-lazy=\"1\" class=\"module_column tb-column col-full first tb_7022976 tf_box\">\n\t    \t    \t<\/div>\n\t\t    <\/div>\n\t    <!-- \/row_inner -->\n\t<\/div>\n\t<!-- \/module_row -->\n\t\t<!-- module_row -->\n\t<div  data-lazy=\"1\" class=\"module_row themify_builder_row repeat tb_infx970 clearfix\" >\n\t    \t\t<div class=\"row_inner col_align_top tf_box tf_w tf_rel\">\n\t\t\t<div  data-lazy=\"1\" class=\"module_column tb-column col-full first tb_bmnc979 tf_box\">\n\t    \t    \t        <div class=\"tb-column-inner tf_box tf_w\">\n\t\t    <!-- module fancy heading -->\n<div  class=\"module module-fancy-heading tb_nxu3979 \" data-lazy=\"1\">\n        <h2 class=\"fancy-heading\">\n    <span  class=\"main-head tf_block\">\n\t<span class=\"maketable\">\n\t\t\t\t\t\t\t<span class=\"addBorder\"><\/span>\n\t\t\t\t\t\t\t<span class=\"fork-icon\"><\/span>\n\t\t\t\t\t\t\t<span class=\"addBorder\"><\/span>\n\t\t\t\t\t\t\t<\/span>\n\t\t\t\t\t\t\tet lille udpluk af menuen\n\t\t\t\t\t\t\t<span class=\"bottomBorder\"><\/span>    <\/span>\n    <span class=\"sub-head tb_hide_divider  tf_block tf_rel\">\n\tAutentisk italienske retter baseret p\u00e5 friske r\u00e5varer     <\/span>\n\n    <\/h2>\n<\/div>\n<!-- \/module fancy heading -->\n\t<div  data-lazy=\"1\" class=\"module_subrow themify_builder_sub_row tb_3lqu979 tf_w clearfix\">\n\t    \t\t<div class=\"subrow_inner col_align_bottom tf_box tf_w\">\n\t\t\t<div  data-lazy=\"1\" class=\"sub_column module_column tf_box col3-1 first tb_eymk980\"> \n\t    \t    \t        <div class=\"tb-column-inner tf_box tf_w\">\n\t\t    <!-- module image -->\n<div  class=\"module module-image tb_vvpk980   image-overlay auto_fullwidth tf_mw\" data-lazy=\"1\">\n            <div class=\"image-wrap tf_rel tf_mw\">\n\t\t    <a href=\"https:\/\/themify.me\/demo\/themes\/ultra-restaurant\/files\/2016\/08\/tofu-1024x674.jpg\"\n\t        class=\"lightbox-builder themify_lightbox\"\t       >\n\t\t   \t\t<img fetchpriority=\"high\" fetchpriority=\"high\" decoding=\"async\" src=\"https:\/\/bellaitaliana1720.dk\/wp-content\/uploads\/2021\/04\/Ikke-navngivet-5-360x275.jpg\" width=\"360\" height=\"275\" class=\"wp-post-image wp-image-109\" title=\"Salami e Gorgonzola\" alt=\"Salami e Gorgonzola\">\t    <\/a>\n\t\n\t\n    \t<div class=\"image-content\">\n\t    \t\t<h3 class=\"image-title\">\n\t\t    \t\t\t<a href=\"https:\/\/themify.me\/demo\/themes\/ultra-restaurant\/files\/2016\/08\/tofu-1024x674.jpg\" \n\t\t\t    class=\"lightbox-builder themify_lightbox\"\t\t\t   >\n\t\t\t       Salami e Gorgonzola\t\t\t<\/a>\n\t\t    \t\t<\/h3>\n\t    \n\t    \t<\/div>\n\t<!-- \/image-content -->\n    \n    <\/div>\n    <!-- \/image-wrap -->\n<\/div>\n<!-- \/module image --><!-- module image -->\n<div  class=\"module module-image tb_xl1b980   image-overlay auto_fullwidth tf_mw\" data-lazy=\"1\">\n            <div class=\"image-wrap tf_rel tf_mw\">\n\t\t    <a href=\"https:\/\/themify.me\/demo\/themes\/ultra-restaurant\/files\/2016\/08\/food-1130949_1920-1024x682.jpg\"\n\t        class=\"lightbox-builder themify_lightbox\"\t       >\n\t\t   \t\t<img decoding=\"async\" src=\"https:\/\/bellaitaliana1720.dk\/wp-content\/uploads\/2021\/04\/Carbonana--360x275.jpg\" width=\"360\" height=\"275\" class=\"wp-post-image wp-image-100\" title=\"Carbonara \" alt=\"Carbonara \">\t    <\/a>\n\t\n\t\n    \t<div class=\"image-content\">\n\t    \t\t<h3 class=\"image-title\">\n\t\t    \t\t\t<a href=\"https:\/\/themify.me\/demo\/themes\/ultra-restaurant\/files\/2016\/08\/food-1130949_1920-1024x682.jpg\" \n\t\t\t    class=\"lightbox-builder themify_lightbox\"\t\t\t   >\n\t\t\t       Carbonara \t\t\t<\/a>\n\t\t    \t\t<\/h3>\n\t    \n\t    \t<\/div>\n\t<!-- \/image-content -->\n    \n    <\/div>\n    <!-- \/image-wrap -->\n<\/div>\n<!-- \/module image -->\t        <\/div>\n\t    \t<\/div>\n\t\t<div  data-lazy=\"1\" class=\"sub_column module_column tf_box col3-1 middle tb_7yfn981\"> \n\t    \t    \t        <div class=\"tb-column-inner tf_box tf_w\">\n\t\t    <!-- module image -->\n<div  class=\"module module-image tb_jidl981   image-overlay auto_fullwidth tf_mw\" data-lazy=\"1\">\n            <div class=\"image-wrap tf_rel tf_mw\">\n\t\t    <a href=\"https:\/\/themify.me\/demo\/themes\/ultra-restaurant\/files\/2016\/08\/lasagne-1178514-1024x682.jpg\"\n\t        class=\"lightbox-builder themify_lightbox\"\t       >\n\t\t   \t\t<img decoding=\"async\" src=\"https:\/\/bellaitaliana1720.dk\/wp-content\/uploads\/2021\/04\/bolognaise-1024x576-360x275.jpg\" width=\"360\" height=\"275\" class=\"wp-post-image wp-image-95\" title=\"Spaghetti Bolognese\" alt=\"Spaghetti Bolognese\">\t    <\/a>\n\t\n\t\n    \t<div class=\"image-content\">\n\t    \t\t<h3 class=\"image-title\">\n\t\t    \t\t\t<a href=\"https:\/\/themify.me\/demo\/themes\/ultra-restaurant\/files\/2016\/08\/lasagne-1178514-1024x682.jpg\" \n\t\t\t    class=\"lightbox-builder themify_lightbox\"\t\t\t   >\n\t\t\t       Spaghetti Bolognese\t\t\t<\/a>\n\t\t    \t\t<\/h3>\n\t    \n\t    \t<\/div>\n\t<!-- \/image-content -->\n    \n    <\/div>\n    <!-- \/image-wrap -->\n<\/div>\n<!-- \/module image --><!-- module image -->\n<div  class=\"module module-image tb_m6uh981   image-overlay auto_fullwidth tf_mw\" data-lazy=\"1\">\n            <div class=\"image-wrap tf_rel tf_mw\">\n\t\t    <a href=\"https:\/\/themify.me\/demo\/themes\/ultra-restaurant\/files\/2016\/08\/pudding-702960-1024x685.jpg\"\n\t        class=\"lightbox-builder themify_lightbox\"\t       >\n\t\t   \t\t<img loading=\"lazy\" loading=\"lazy\" decoding=\"async\" src=\"https:\/\/bellaitaliana1720.dk\/wp-content\/uploads\/2021\/04\/Ikke-navngivet-6-360x275.jpg\" width=\"360\" height=\"275\" class=\"wp-post-image wp-image-110\" title=\"Pepperoni \" alt=\"Pepperoni \">\t    <\/a>\n\t\n\t\n    \t<div class=\"image-content\">\n\t    \t\t<h3 class=\"image-title\">\n\t\t    \t\t\t<a href=\"https:\/\/themify.me\/demo\/themes\/ultra-restaurant\/files\/2016\/08\/pudding-702960-1024x685.jpg\" \n\t\t\t    class=\"lightbox-builder themify_lightbox\"\t\t\t   >\n\t\t\t       Pepperoni \t\t\t<\/a>\n\t\t    \t\t<\/h3>\n\t    \n\t    \t<\/div>\n\t<!-- \/image-content -->\n    \n    <\/div>\n    <!-- \/image-wrap -->\n<\/div>\n<!-- \/module image -->\t        <\/div>\n\t    \t<\/div>\n\t\t<div  data-lazy=\"1\" class=\"sub_column module_column tf_box col3-1 last tb_vdin981\"> \n\t    \t    \t        <div class=\"tb-column-inner tf_box tf_w\">\n\t\t    <!-- module image -->\n<div  class=\"module module-image tb_u4vo981   image-overlay auto_fullwidth tf_mw\" data-lazy=\"1\">\n            <div class=\"image-wrap tf_rel tf_mw\">\n\t\t    <a href=\"https:\/\/themify.me\/demo\/themes\/ultra-restaurant\/files\/2016\/08\/pizza-346985_1920-1024x682.jpg\"\n\t        class=\"lightbox-builder themify_lightbox\"\t       >\n\t\t   \t\t<img loading=\"lazy\" loading=\"lazy\" decoding=\"async\" src=\"https:\/\/bellaitaliana1720.dk\/wp-content\/uploads\/2021\/04\/Bresaola--360x275.jpg\" width=\"360\" height=\"275\" class=\"wp-post-image wp-image-96\" title=\"Bresaola \" alt=\"Bresaola \">\t    <\/a>\n\t\n\t\n    \t<div class=\"image-content\">\n\t    \t\t<h3 class=\"image-title\">\n\t\t    \t\t\t<a href=\"https:\/\/themify.me\/demo\/themes\/ultra-restaurant\/files\/2016\/08\/pizza-346985_1920-1024x682.jpg\" \n\t\t\t    class=\"lightbox-builder themify_lightbox\"\t\t\t   >\n\t\t\t       Bresaola \t\t\t<\/a>\n\t\t    \t\t<\/h3>\n\t    \n\t    \t<\/div>\n\t<!-- \/image-content -->\n    \n    <\/div>\n    <!-- \/image-wrap -->\n<\/div>\n<!-- \/module image --><!-- module image -->\n<div  class=\"module module-image tb_qasz981   image-overlay auto_fullwidth tf_mw\" data-lazy=\"1\">\n            <div class=\"image-wrap tf_rel tf_mw\">\n\t\t    <a href=\"https:\/\/themify.me\/demo\/themes\/ultra-restaurant\/files\/2016\/08\/appetite-1239074_1920-1024x709.jpg\"\n\t        class=\"lightbox-builder themify_lightbox\"\t       >\n\t\t   \t\t<img loading=\"lazy\" loading=\"lazy\" decoding=\"async\" src=\"https:\/\/bellaitaliana1720.dk\/wp-content\/uploads\/2021\/04\/penne-med-tr\u251c\u00a9ffel-og-kalv-1024x576-360x275.jpg\" width=\"360\" height=\"275\" class=\"wp-post-image wp-image-48\" title=\"Penne al Tartuto e Fileto\" alt=\"Penne al Tartuto e Fileto\">\t    <\/a>\n\t\n\t\n    \t<div class=\"image-content\">\n\t    \t\t<h3 class=\"image-title\">\n\t\t    \t\t\t<a href=\"https:\/\/themify.me\/demo\/themes\/ultra-restaurant\/files\/2016\/08\/appetite-1239074_1920-1024x709.jpg\" \n\t\t\t    class=\"lightbox-builder themify_lightbox\"\t\t\t   >\n\t\t\t       Penne al Tartuto e Fileto\t\t\t<\/a>\n\t\t    \t\t<\/h3>\n\t    \n\t    \t<\/div>\n\t<!-- \/image-content -->\n    \n    <\/div>\n    <!-- \/image-wrap -->\n<\/div>\n<!-- \/module image -->\t        <\/div>\n\t    \t<\/div>\n\t\t    <\/div>\n\t<\/div><!-- \/themify_builder_sub_row -->\n\t\t        <\/div>\n\t    \t<\/div>\n\t\t    <\/div>\n\t    <!-- \/row_inner -->\n\t<\/div>\n\t<!-- \/module_row -->\n\t\t<!-- module_row -->\n\t<div  data-lazy=\"1\" class=\"module_row themify_builder_row builder-parallax-scrolling tb_0vxi970 clearfix\" >\n\t    <div class=\"tf_abs builder_row_cover\"><\/div>\t\t<div class=\"row_inner col_align_top tf_box tf_w tf_rel\">\n\t\t\t<div  data-lazy=\"1\" class=\"module_column tb-column col-full first tb_b94q982 tf_box\">\n\t    \t    \t        <div class=\"tb-column-inner tf_box tf_w\">\n\t\t    <!-- module text -->\n<div  class=\"module module-text tb_wen0633   \" data-lazy=\"1\">\n            <div  class=\"tb_text_wrap\">\n    <span class=\"glf-button-default glf-button \" style='background-color:#EF8B17; color:#FFFFFF !important; font-weight:bold; font-size:12px; padding:10px; border-radius:25px; font-family:\"Arial\", sans-serif; '  data-glf-cuid=\"\" data-glf-ruid=\"28cdc483-01af-4f61-9451-ca2600f179e4\"  data-location=\"28cdc483-01af-4f61-9451-ca2600f179e4\">KLIK FOR AFHENTNING<\/span><script src=\"https:\/\/www.fbgcdn.com\/embedder\/js\/ewm2.js\" defer async ><\/script><style> .glf-ordering-location > span{display:none;} <\/style>    <\/div>\n<\/div>\n<!-- \/module text --><!-- module buttons -->\n<div  class=\"module module-buttons tb_ijdz56 buttons-horizontal solid  small circle tf_textc\" data-lazy=\"1\">\n            \t<div class=\"module-buttons-item tf_inline_b\">\n\t    \t\t    <a href=\"https:\/\/wolt.com\/da\/dnk\/copenhagen\/restaurant\/bella-gastronomia-italiana\" class=\"ui builder_button blue\" target=\"_blank\" rel=\"noopener\">\n\t\t\t\t        \t\t<span class=\"tf_inline_b tf_vmiddle\">Klik for Afhentning<\/span>\n\t\t    \t\t\t<i class=\"tf_inline_b tf_vmiddle\"><svg class=\"tf_fa tf-ti-car\"><use href=\"#tf-ti-car\"><\/use><\/svg><\/i>\t\t    \t\t    \t\t    <\/a>\n\t\t        \t<\/div>\n\t    <\/div>\n<!-- \/module buttons -->\n<!-- module fancy heading -->\n<div  class=\"module module-fancy-heading tb_m5ec224  wow\" data-tf-animation=\"slideInUp\" data-lazy=\"1\">\n        <h2 class=\"fancy-heading\">\n    <span  class=\"main-head tf_block\">\n\t<span class=\"maketable\">\n\t\t\t\t\t\t\t<span class=\"addBorder\"><\/span>\n\t\t\t\t\t\t\t<span class=\"fork-icon\"><\/span>\n\t\t\t\t\t\t\t<span class=\"addBorder\"><\/span>\n\t\t\t\t\t\t\t<\/span>\n\t\t\t\t\t\t\tBella Gastronomia Itlaiana \n\t\t\t\t\t\t\t<span class=\"bottomBorder\"><\/span>    <\/span>\n    <span class=\"sub-head tb_hide_divider  tf_block tf_rel\">\n\t    <\/span>\n\n    <\/h2>\n<\/div>\n<!-- \/module fancy heading -->\n<!-- module buttons -->\n<div  class=\"module module-buttons tb_8t71865 buttons-horizontal outline  squared tf_textl\" data-lazy=\"1\">\n            \t<div class=\"module-buttons-item tf_inline_b\">\n\t    \t\t    <a href=\"http:\/\/www.findsmiley.dk\/912371\" class=\"ui builder_button tb_default_color\" target=\"_blank\" rel=\"noopener\">\n\t\t\t\t        \t\t<span class=\"tf_inline_b tf_vmiddle\"><\/span>\n\t\t    \t\t    \t\t    <\/a>\n\t\t        \t<\/div>\n\t    <\/div>\n<!-- \/module buttons -->\n\t        <\/div>\n\t    \t<\/div>\n\t\t    <\/div>\n\t    <!-- \/row_inner -->\n\t<\/div>\n\t<!-- \/module_row -->\n\t<\/div>\n<!--\/themify_builder_content-->","protected":false},"excerpt":{"rendered":"<p>Bella Gastronomia ItalianaVelkommen 1720 K\u00f8benhavn V Bestil Online for Take-Away el. Udbringning\u00a0 Brug koden &#8220;Bellaitaliana&#8221; og f\u00e5 10% i rabat. Koden skal indtastes ved kurven. Klik for Levering et lille udpluk af menuenAutentisk italienske retter baseret p\u00e5 friske r\u00e5varer Salami e Gorgonzola Carbonara Spaghetti Bolognese Pepperoni Bresaola Penne al Tartuto e Fileto Klik for Afhentning [&hellip;]<\/p>\n","protected":false},"author":1,"featured_media":0,"parent":0,"menu_order":0,"comment_status":"closed","ping_status":"closed","template":"","meta":{"footnotes":""},"class_list":["post-28","page","type-page","status-publish","hentry","has-post-title","has-post-date","has-post-category","has-post-tag","has-post-comment","has-post-author",""],"yoast_head":"<!-- This site is optimized with the Yoast SEO Premium plugin v15.9.2 - https:\/\/yoast.com\/wordpress\/plugins\/seo\/ -->\n<title>Bella Gastronomia Italiana | Italienske Pizza | K\u00f8benhavn V | 1720 | #St\u00f8tLokalt<\/title>\n<meta name=\"description\" content=\"Bestil Online for Afhentning Her hos Bella Gastronomia Italiana i k\u00f8benhavn V garantere vi en l\u00e6kker oplevelse af Pizza Kom og smag vores r\u00e5varer!\" \/>\n<link rel=\"canonical\" href=\"https:\/\/bellaitaliana1720.dk\/\" \/>\n<meta property=\"og:locale\" content=\"da_DK\" \/>\n<meta property=\"og:type\" content=\"article\" \/>\n<meta property=\"og:title\" content=\"Bella Gastronomia Italiana | Italienske Pizza | K\u00f8benhavn V | 1720 | #St\u00f8tLokalt\" \/>\n<meta property=\"og:description\" content=\"Bestil Online for Afhentning Her hos Bella Gastronomia Italiana i k\u00f8benhavn V garantere vi en l\u00e6kker oplevelse af Pizza Kom og smag vores r\u00e5varer!\" \/>\n<meta property=\"og:url\" content=\"https:\/\/bellaitaliana1720.dk\/\" \/>\n<meta property=\"og:site_name\" content=\"Bella Gastronomia Italiana\" \/>\n<meta property=\"article:modified_time\" content=\"2024-03-20T15:05:41+00:00\" \/>\n<meta name=\"twitter:card\" content=\"summary_large_image\" \/>\n<script type=\"application\/ld+json\" class=\"yoast-schema-graph\">{\"@context\":\"https:\/\/schema.org\",\"@graph\":[{\"@type\":\"WebSite\",\"@id\":\"https:\/\/bellaitaliana1720.dk\/#website\",\"url\":\"https:\/\/bellaitaliana1720.dk\/\",\"name\":\"Bella Gastronomia Italiana\",\"description\":\"\",\"potentialAction\":[{\"@type\":\"SearchAction\",\"target\":\"https:\/\/bellaitaliana1720.dk\/?s={search_term_string}\",\"query-input\":\"required name=search_term_string\"}],\"inLanguage\":\"da-DK\"},{\"@type\":\"ImageObject\",\"@id\":\"https:\/\/bellaitaliana1720.dk\/#primaryimage\",\"inLanguage\":\"da-DK\",\"url\":\"https:\/\/bellaitaliana1720.dk\/wp-content\/uploads\/2021\/04\/Ikke-navngivet-5.jpg\",\"width\":911,\"height\":512},{\"@type\":\"WebPage\",\"@id\":\"https:\/\/bellaitaliana1720.dk\/#webpage\",\"url\":\"https:\/\/bellaitaliana1720.dk\/\",\"name\":\"Bella Gastronomia Italiana | Italienske Pizza | K\\u00f8benhavn V | 1720 | #St\\u00f8tLokalt\",\"isPartOf\":{\"@id\":\"https:\/\/bellaitaliana1720.dk\/#website\"},\"primaryImageOfPage\":{\"@id\":\"https:\/\/bellaitaliana1720.dk\/#primaryimage\"},\"datePublished\":\"2016-08-09T07:33:50+00:00\",\"dateModified\":\"2024-03-20T15:05:41+00:00\",\"description\":\"Bestil Online for Afhentning Her hos Bella Gastronomia Italiana i k\\u00f8benhavn V garantere vi en l\\u00e6kker oplevelse af Pizza Kom og smag vores r\\u00e5varer!\",\"breadcrumb\":{\"@id\":\"https:\/\/bellaitaliana1720.dk\/#breadcrumb\"},\"inLanguage\":\"da-DK\",\"potentialAction\":[{\"@type\":\"ReadAction\",\"target\":[\"https:\/\/bellaitaliana1720.dk\/\"]}]},{\"@type\":\"BreadcrumbList\",\"@id\":\"https:\/\/bellaitaliana1720.dk\/#breadcrumb\",\"itemListElement\":[{\"@type\":\"ListItem\",\"position\":1,\"item\":{\"@type\":\"WebPage\",\"@id\":\"https:\/\/bellaitaliana1720.dk\/\",\"url\":\"https:\/\/bellaitaliana1720.dk\/\",\"name\":\"Home\"}},{\"@type\":\"ListItem\",\"position\":2,\"item\":{\"@type\":\"WebPage\",\"@id\":\"https:\/\/bellaitaliana1720.dk\/\",\"url\":\"https:\/\/bellaitaliana1720.dk\/\",\"name\":\"Home\"}}]}]}<\/script>\n<!-- \/ Yoast SEO Premium plugin. -->","builder_content":"<h1>Bella Gastronomia Italiana<br\/>Velkommen <\/h1>\n<h2>1720 K\u00f8benhavn V<\/h2>\n<p>Bestil Online for Take-Away el. Udbringning\u00a0<\/p>\n<p>Brug koden \"Bellaitaliana\" og f\u00e5 10% i rabat. Koden skal indtastes ved kurven.<\/p>\n\n<p>[restaurant-menu-and-ordering ruid=\"28cdc483-01af-4f61-9451-ca2600f179e4\"]<\/p>\n<a href=\"https:\/\/wolt.com\/da\/dnk\/copenhagen\/restaurant\/bella-gastronomia-italiana\" target=\"_blank\" rel=\"noopener\"> Klik for Levering <i><svg><use href=\"#tf-ti-car\"><\/use><\/svg><\/i> <\/a>\n<h2>et lille udpluk af menuen<br\/>Autentisk italienske retter baseret p\u00e5 friske r\u00e5varer <\/h2>\n<a href=\"https:\/\/themify.me\/demo\/themes\/ultra-restaurant\/files\/2016\/08\/tofu-1024x674.jpg\" > <img fetchpriority=\"high\" decoding=\"async\" src=\"https:\/\/bellaitaliana1720.dk\/wp-content\/uploads\/2021\/04\/Ikke-navngivet-5-360x275.jpg\" width=\"360\" height=\"275\" title=\"Salami e Gorgonzola\" alt=\"Salami e Gorgonzola\"> <\/a> <h3> <a href=\"https:\/\/themify.me\/demo\/themes\/ultra-restaurant\/files\/2016\/08\/tofu-1024x674.jpg\" > Salami e Gorgonzola <\/a> <\/h3>\n<a href=\"https:\/\/themify.me\/demo\/themes\/ultra-restaurant\/files\/2016\/08\/food-1130949_1920-1024x682.jpg\" > <img decoding=\"async\" src=\"https:\/\/bellaitaliana1720.dk\/wp-content\/uploads\/2021\/04\/Carbonana--360x275.jpg\" width=\"360\" height=\"275\" title=\"Carbonara \" alt=\"Carbonara \"> <\/a> <h3> <a href=\"https:\/\/themify.me\/demo\/themes\/ultra-restaurant\/files\/2016\/08\/food-1130949_1920-1024x682.jpg\" > Carbonara <\/a> <\/h3>\n<a href=\"https:\/\/themify.me\/demo\/themes\/ultra-restaurant\/files\/2016\/08\/lasagne-1178514-1024x682.jpg\" > <img decoding=\"async\" src=\"https:\/\/bellaitaliana1720.dk\/wp-content\/uploads\/2021\/04\/bolognaise-1024x576-360x275.jpg\" width=\"360\" height=\"275\" title=\"Spaghetti Bolognese\" alt=\"Spaghetti Bolognese\"> <\/a> <h3> <a href=\"https:\/\/themify.me\/demo\/themes\/ultra-restaurant\/files\/2016\/08\/lasagne-1178514-1024x682.jpg\" > Spaghetti Bolognese <\/a> <\/h3>\n<a href=\"https:\/\/themify.me\/demo\/themes\/ultra-restaurant\/files\/2016\/08\/pudding-702960-1024x685.jpg\" > <img loading=\"lazy\" decoding=\"async\" src=\"https:\/\/bellaitaliana1720.dk\/wp-content\/uploads\/2021\/04\/Ikke-navngivet-6-360x275.jpg\" width=\"360\" height=\"275\" title=\"Pepperoni \" alt=\"Pepperoni \"> <\/a> <h3> <a href=\"https:\/\/themify.me\/demo\/themes\/ultra-restaurant\/files\/2016\/08\/pudding-702960-1024x685.jpg\" > Pepperoni <\/a> <\/h3>\n<a href=\"https:\/\/themify.me\/demo\/themes\/ultra-restaurant\/files\/2016\/08\/pizza-346985_1920-1024x682.jpg\" > <img loading=\"lazy\" decoding=\"async\" src=\"https:\/\/bellaitaliana1720.dk\/wp-content\/uploads\/2021\/04\/Bresaola--360x275.jpg\" width=\"360\" height=\"275\" title=\"Bresaola \" alt=\"Bresaola \"> <\/a> <h3> <a href=\"https:\/\/themify.me\/demo\/themes\/ultra-restaurant\/files\/2016\/08\/pizza-346985_1920-1024x682.jpg\" > Bresaola <\/a> <\/h3>\n<a href=\"https:\/\/themify.me\/demo\/themes\/ultra-restaurant\/files\/2016\/08\/appetite-1239074_1920-1024x709.jpg\" > <img loading=\"lazy\" decoding=\"async\" src=\"https:\/\/bellaitaliana1720.dk\/wp-content\/uploads\/2021\/04\/penne-med-tr\u251c\u00a9ffel-og-kalv-1024x576-360x275.jpg\" width=\"360\" height=\"275\" title=\"Penne al Tartuto e Fileto\" alt=\"Penne al Tartuto e Fileto\"> <\/a> <h3> <a href=\"https:\/\/themify.me\/demo\/themes\/ultra-restaurant\/files\/2016\/08\/appetite-1239074_1920-1024x709.jpg\" > Penne al Tartuto e Fileto <\/a> <\/h3>\n<p>[restaurant-menu-and-ordering ruid=\"28cdc483-01af-4f61-9451-ca2600f179e4\"]<\/p>\n<a href=\"https:\/\/wolt.com\/da\/dnk\/copenhagen\/restaurant\/bella-gastronomia-italiana\" target=\"_blank\" rel=\"noopener\"> Klik for Afhentning <i><svg><use href=\"#tf-ti-car\"><\/use><\/svg><\/i> <\/a>\n<h2>Bella Gastronomia Itlaiana <br\/><\/h2>\n<a href=\"http:\/\/www.findsmiley.dk\/912371\" target=\"_blank\" rel=\"noopener\"> <\/a>","_links":{"self":[{"href":"https:\/\/bellaitaliana1720.dk\/index.php\/wp-json\/wp\/v2\/pages\/28","targetHints":{"allow":["GET"]}}],"collection":[{"href":"https:\/\/bellaitaliana1720.dk\/index.php\/wp-json\/wp\/v2\/pages"}],"about":[{"href":"https:\/\/bellaitaliana1720.dk\/index.php\/wp-json\/wp\/v2\/types\/page"}],"author":[{"embeddable":true,"href":"https:\/\/bellaitaliana1720.dk\/index.php\/wp-json\/wp\/v2\/users\/1"}],"replies":[{"embeddable":true,"href":"https:\/\/bellaitaliana1720.dk\/index.php\/wp-json\/wp\/v2\/comments?post=28"}],"version-history":[{"count":15,"href":"https:\/\/bellaitaliana1720.dk\/index.php\/wp-json\/wp\/v2\/pages\/28\/revisions"}],"predecessor-version":[{"id":179,"href":"https:\/\/bellaitaliana1720.dk\/index.php\/wp-json\/wp\/v2\/pages\/28\/revisions\/179"}],"wp:attachment":[{"href":"https:\/\/bellaitaliana1720.dk\/index.php\/wp-json\/wp\/v2\/media?parent=28"}],"curies":[{"name":"wp","href":"https:\/\/api.w.org\/{rel}","templated":true}]}}